{"id":503,"date":"2022-05-11T09:48:31","date_gmt":"2022-05-11T07:48:31","guid":{"rendered":"https:\/\/casadarocamedano.es\/?page_id=503"},"modified":"2022-05-13T02:29:02","modified_gmt":"2022-05-13T00:29:02","slug":"mapa","status":"publish","type":"page","link":"https:\/\/casadarocamedano.es\/index.php\/mapa\/","title":{"rendered":"Localizaci\u00f3n"},"content":{"rendered":"\n<p class=\"has-drop-cap\">El M\u00e9dano es un peque\u00f1o pueblo situado en el sur de la isla de Tenerife, un enclave mundialmente conocido por ser uno de los mejores destinos para practicar deportes acu\u00e1ticos. Al mismo tiempo El M\u00e9dano se encuentra muy pr\u00f3ximo al aeropuerto Reina Sof\u00eda Tenerife Sur, lo que lo hace perfecto para desplazarse y conocer cualquier punto de la isla de Tenerife.<\/p>\n\n\n\n<p>A Casa Da Roca M\u00e9dano se encuentra en Arenas del Mar, uno de barrios de El M\u00e9dano. Lo suficientemente cerca del centro del pueblo donde poder disfrutar de sus tiendas y restaurantes pero lo suficientemente alejado como para evitar el habitual bullicio que inunda las calles del mismo y poder disfrutar as\u00ed de la tranquilidad y la paz que solo un paseo por la costa sintiendo la brisa del mar puede proporcionar.<\/p>\n\n\n\n<p>Rodeado de caminos y rutas de senderismo que transcurren por volcanes y sus antiguas coladas de lava que conducen a varias playas de arena natural a distancia de un corto paseo.<\/p>\n\n\n\n<p>En el siguiente mapa se pueden observar los puntos de inter\u00e9s cercanos a Casa Da Roca M\u00e9dano, incluyendo supermercados, playas y lugares para visitar y disfrutar de la isla de Tenerife.<\/p>\n\n\n\n<iframe loading=\"lazy\" src=\"https:\/\/www.google.com\/maps\/d\/u\/6\/embed?mid=1OnVmqHN6ZF2IBHoj1DirOK4Opj_5TyIi&amp;ehbc=2E312F\" width=\"920\" height=\"640\"><\/iframe>\n","protected":false},"excerpt":{"rendered":"<p>El M\u00e9dano es un peque\u00f1o pueblo situado en el sur de la isla de Tenerife, un enclave mundialmente conocido por ser uno de los mejores destinos para practicar deportes acu\u00e1ticos. Al mismo tiempo El M\u00e9dano se encuentra muy pr\u00f3ximo al aeropuerto Reina Sof\u00eda Tenerife Sur, &hellip; <\/p>\n","protected":false},"author":1,"featured_media":454,"parent":0,"menu_order":0,"comment_status":"closed","ping_status":"closed","template":"","meta":{"_monsterinsights_skip_tracking":false,"_monsterinsights_sitenote_active":false,"_monsterinsights_sitenote_note":"","_monsterinsights_sitenote_category":0,"footnotes":""},"class_list":["post-503","page","type-page","status-publish","has-post-thumbnail","hentry"],"aioseo_notices":[],"_links":{"self":[{"href":"https:\/\/casadarocamedano.es\/index.php\/wp-json\/wp\/v2\/pages\/503","targetHints":{"allow":["GET"]}}],"collection":[{"href":"https:\/\/casadarocamedano.es\/index.php\/wp-json\/wp\/v2\/pages"}],"about":[{"href":"https:\/\/casadarocamedano.es\/index.php\/wp-json\/wp\/v2\/types\/page"}],"author":[{"embeddable":true,"href":"https:\/\/casadarocamedano.es\/index.php\/wp-json\/wp\/v2\/users\/1"}],"replies":[{"embeddable":true,"href":"https:\/\/casadarocamedano.es\/index.php\/wp-json\/wp\/v2\/comments?post=503"}],"version-history":[{"count":7,"href":"https:\/\/casadarocamedano.es\/index.php\/wp-json\/wp\/v2\/pages\/503\/revisions"}],"predecessor-version":[{"id":881,"href":"https:\/\/casadarocamedano.es\/index.php\/wp-json\/wp\/v2\/pages\/503\/revisions\/881"}],"wp:featuredmedia":[{"embeddable":true,"href":"https:\/\/casadarocamedano.es\/index.php\/wp-json\/wp\/v2\/media\/454"}],"wp:attachment":[{"href":"https:\/\/casadarocamedano.es\/index.php\/wp-json\/wp\/v2\/media?parent=503"}],"curies":[{"name":"wp","href":"https:\/\/api.w.org\/{rel}","templated":true}]}}